{"id":1321,"date":"2023-04-13T11:58:19","date_gmt":"2023-04-13T09:58:19","guid":{"rendered":"https:\/\/physio-soerup.de\/?page_id=1321"},"modified":"2026-01-13T13:35:56","modified_gmt":"2026-01-13T12:35:56","slug":"impressum","status":"publish","type":"page","link":"https:\/\/physio-soerup.de\/?page_id=1321","title":{"rendered":"Impressum"},"content":{"rendered":"\t\t<div data-elementor-type=\"wp-page\" data-elementor-id=\"1321\" class=\"elementor elementor-1321\" data-elementor-post-type=\"page\">\n\t\t\t\t\t\t<section class=\"elementor-section elementor-top-section elementor-element elementor-element-95f3bdc elementor-section-boxed elementor-section-height-default elementor-section-height-default\" data-id=\"95f3bdc\" data-element_type=\"section\" data-e-type=\"section\">\n\t\t\t\t\t\t<div class=\"elementor-container elementor-column-gap-default\">\n\t\t\t\t\t<div class=\"elementor-column elementor-col-100 elementor-top-column elementor-element elementor-element-9e5bf8e\" data-id=\"9e5bf8e\" data-element_type=\"column\" data-e-type=\"column\">\n\t\t\t<div class=\"elementor-widget-wrap elementor-element-populated\">\n\t\t\t\t\t\t<div class=\"elementor-element elementor-element-c939ef9 elementor-widget elementor-widget-text-editor\" data-id=\"c939ef9\" data-element_type=\"widget\" data-e-type=\"widget\" data-widget_type=\"text-editor.default\">\n\t\t\t\t<div class=\"elementor-widget-container\">\n\t\t\t\t\t\t\t\t\t<p>Impressum<\/p><p>Physio Team S\u00f6rup<br \/>Inh. Karen Bohlander und Yvonne Joswig<\/p><p>Bahnhofstra\u00dfe 1<br \/>24966 S\u00f6rup<\/p><p>Telefon: +49 (0) 4635 512<br \/>Telefax: +49 (0) 4635 293241<br \/>E-Mail: office@physioteamsoerup.de<br \/>Internet: www.physio-soerup.de<br \/>www.kg-soerup.de<br \/>www.physiotherapie-soerup.de<\/p><p>Berufsbezeichnung und berufsrechtliche Regelungen es gelten die im \u201eGesetz \u00fcber die Berufe in der Physiotherapie Masseur und Physiotherapeutengesetz\u201c vom 26. Mai 1994, einsehbar unter http:\/www.physio.de-gesetz-beruf-pt<\/p><p>Medizinische Trainingstherapie Bohlander und Joswig GbR<br \/>Karen Bohlander und Yvonne Joswig<br \/>Bahnhofstra\u00dfe 1<br \/>24966 S\u00f6rup<\/p><p>Telefon: +49 (0) 4635 512<br \/>Telefax: +49 (0) 4635 293241<br \/>E-Mail: office@physioteamsoerup.de<br \/>Internet: www.physio-soerup.de<br \/>www.kg-soerup.de<br \/>www.physiotherapie-soerup.de<\/p><p>Berufsbezeichnung und berufsrechtliche Regelungen<br \/>es gelten die im \u201eGesetz \u00fcber die Berufe in der Physiotherapie Masseur und Physiotherapeutengesetz\u201c vom 26. Mai 1994, einsehbar unter http:\/www.physio.de-gesetz-beruf-pt<\/p><p>Haftung f\u00fcr Inhalte<br \/>Als Diensteanbieter sind wir f\u00fcr eigene Inhalte auf diesen Seiten nach den allgemeinen Gesetzen verantwortlich. Wir sind als Diensteanbieter jedoch nicht verpflichtet, \u00fcbermittelte oder gespeicherte fremde Informationen zu \u00fcberwachen oder nach Umst\u00e4nden zu forschen, die auf eine rechtswidrige T\u00e4tigkeit hinweisen.<\/p><p>Verpflichtungen zur Entfernung oder Sperrung der Nutzung von Informationen nach den allgemeinen Gesetzen bleiben hiervon unber\u00fchrt. Eine diesbez\u00fcgliche Haftung ist jedoch erst ab dem Zeitpunkt der Kenntnis einer konkreten Rechtsverletzung m\u00f6glich. Bei Bekanntwerden von entsprechenden Rechtsverletzungen werden wir diese Inhalte umgehend entfernen.<\/p><p>Haftung f\u00fcr Links<br \/>Unser Angebot enth\u00e4lt Links zu externen Websites Dritter, auf deren Inhalte wir keinen Einfluss haben. Deshalb k\u00f6nnen wir f\u00fcr diese fremden Inhalte auch keine Gew\u00e4hr \u00fcbernehmen. F\u00fcr die Inhalte der verlinkten Seiten ist stets der jeweilige Anbieter oder Betreiber der Seiten verantwortlich. Die verlinkten Seiten wurden zum Zeitpunkt der Verlinkung auf m\u00f6gliche Rechtsverst\u00f6\u00dfe \u00fcberpr\u00fcft. Rechtswidrige Inhalte waren zum Zeitpunkt der Verlinkung nicht erkennbar.<\/p><p>Eine permanente inhaltliche Kontrolle der verlinkten Seiten ist jedoch ohne konkrete Anhaltspunkte einer Rechtsverletzung nicht zumutbar. Bei Bekanntwerden von Rechtsverletzungen werden wir derartige Links umgehend entfernen.<\/p><p>Urheberrecht<br \/>Die durch die Seitenbetreiber erstellten Inhalte und Werke auf diesen Seiten unterliegen dem deutschen Urheberrecht. Die Vervielf\u00e4ltigung, Bearbeitung, Verbreitung und jede Art der Verwertung au\u00dferhalb der Grenzen des Urheberrechtes bed\u00fcrfen der schriftlichen Zustimmung des jeweiligen Autors bzw. Erstellers. Downloads und Kopien dieser Seite sind nur f\u00fcr den privaten, nicht kommerziellen Gebrauch gestattet.<\/p><p>Soweit die Inhalte auf dieser Seite nicht vom Betreiber erstellt wurden, werden die Urheberrechte Dritter beachtet. Insbesondere werden Inhalte Dritter als solche gekennzeichnet. Sollten Sie trotzdem auf eine Urheberrechtsverletzung aufmerksam werden, bitten wir um einen entsprechenden Hinweis. Bei Bekanntwerden von Rechtsverletzungen werden wir derartige Inhalte umgehend entfernen.<\/p><p>Quellennachweis:<br \/>Fotografin Jane Kruschewski mit der Firma Foto &amp; Design aus Hamburg<br \/>Fotografen Andreas Grosse aus Steinberg<br \/>Fotos \/ Texte Karen Bohlander<br \/>Fotolia\/Adobe Stocks:<br \/>165940336 \u2013 People posing for a photo \u00a9 Photographee.eu<br \/>151199998 \u2013 liegest\u00fctz training \u00a9 Picture-Factory<br \/>99592855 \u2013 Multiethnic Medical Team Stacking Hands \u00a9 Andrey Popov<br \/>108014505 \u2013 gutes schuhwerk f\u00fcr outdoor sport \u00a9 Picture-Factory<br \/>159311789 \u2013 Man with kinesiotaping on the shoulder \u00a9 grafixme<br \/>168109101 \u2013 Women doing exercises for pelvis floor in postnatal regression course<\/p><p>Layout und technische Umsetzung HLmediengestaltung<\/p>\t\t\t\t\t\t\t\t<\/div>\n\t\t\t\t<\/div>\n\t\t\t\t<div class=\"elementor-element elementor-element-462754a elementor-widget__width-auto elementor-fixed elementor-view-default elementor-widget elementor-widget-icon\" data-id=\"462754a\" data-element_type=\"widget\" data-e-type=\"widget\" data-settings=\"{&quot;_position&quot;:&quot;fixed&quot;,&quot;motion_fx_motion_fx_scrolling&quot;:&quot;yes&quot;,&quot;motion_fx_devices&quot;:[&quot;desktop&quot;,&quot;tablet&quot;,&quot;mobile&quot;]}\" data-widget_type=\"icon.default\">\n\t\t\t\t<div class=\"elementor-widget-container\">\n\t\t\t\t\t\t\t<div class=\"elementor-icon-wrapper\">\n\t\t\t<a class=\"elementor-icon\" href=\"#nachoben\">\n\t\t\t<i aria-hidden=\"true\" class=\"far fa-arrow-alt-circle-up\"><\/i>\t\t\t<\/a>\n\t\t<\/div>\n\t\t\t\t\t\t<\/div>\n\t\t\t\t<\/div>\n\t\t\t\t\t<\/div>\n\t\t<\/div>\n\t\t\t\t\t<\/div>\n\t\t<\/section>\n\t\t\t\t<\/div>\n\t\t","protected":false},"excerpt":{"rendered":"<p>Impressum Physio Team S\u00f6rupInh. Karen Bohlander und Yvonne Joswig Bahnhofstra\u00dfe 124966 S\u00f6rup Telefon: +49 (0) 4635 512Telefax: +49 (0) 4635 293241E-Mail: office@physioteamsoerup.deInternet: www.physio-soerup.dewww.kg-soerup.dewww.physiotherapie-soerup.de Berufsbezeichnung und berufsrechtliche Regelungen es gelten die im \u201eGesetz \u00fcber die Berufe in der Physiotherapie Masseur und Physiotherapeutengesetz\u201c vom 26. Mai 1994, einsehbar unter http:\/www.physio.de-gesetz-beruf-pt Medizinische Trainingstherapie Bohlander und Joswig GbRKaren Bohlander [&hellip;]<\/p>\n","protected":false},"author":1,"featured_media":0,"parent":0,"menu_order":0,"comment_status":"closed","ping_status":"closed","template":"","meta":{"footnotes":""},"class_list":["post-1321","page","type-page","status-publish","hentry"],"_links":{"self":[{"href":"https:\/\/physio-soerup.de\/index.php?rest_route=\/wp\/v2\/pages\/1321","targetHints":{"allow":["GET"]}}],"collection":[{"href":"https:\/\/physio-soerup.de\/index.php?rest_route=\/wp\/v2\/pages"}],"about":[{"href":"https:\/\/physio-soerup.de\/index.php?rest_route=\/wp\/v2\/types\/page"}],"author":[{"embeddable":true,"href":"https:\/\/physio-soerup.de\/index.php?rest_route=\/wp\/v2\/users\/1"}],"replies":[{"embeddable":true,"href":"https:\/\/physio-soerup.de\/index.php?rest_route=%2Fwp%2Fv2%2Fcomments&post=1321"}],"version-history":[{"count":41,"href":"https:\/\/physio-soerup.de\/index.php?rest_route=\/wp\/v2\/pages\/1321\/revisions"}],"predecessor-version":[{"id":2053,"href":"https:\/\/physio-soerup.de\/index.php?rest_route=\/wp\/v2\/pages\/1321\/revisions\/2053"}],"wp:attachment":[{"href":"https:\/\/physio-soerup.de\/index.php?rest_route=%2Fwp%2Fv2%2Fmedia&parent=1321"}],"curies":[{"name":"wp","href":"https:\/\/api.w.org\/{rel}","templated":true}]}}